{"id":731,"date":"2025-05-19T13:40:29","date_gmt":"2025-05-19T11:40:29","guid":{"rendered":"https:\/\/baertschi.jsa.ch\/?page_id=731"},"modified":"2025-06-01T08:50:34","modified_gmt":"2025-06-01T06:50:34","slug":"metzgereimaschinen","status":"publish","type":"page","link":"https:\/\/retus.ch\/?page_id=731","title":{"rendered":"Metzgereimaschinen (ehemals DORIT)"},"content":{"rendered":"\n<p>\u00dcber 40 Jahre produzierte RETUS verschiedene Metzgereimaschinen f\u00fcr die ganze Welt (1970&#8230;2020). Der Vertrieb lief ausschliesslich \u00fcber den Markennamen DORIT. Mehrere tausend Maschinen wurden hergestellt. Viele davon sind noch immer in Betrieb. Nun ist das Design in die Jahre gekommen und wir haben die Produktion gestoppt. Wir werden das Sortiment in den n\u00e4chsten Jahren \u00fcberarbeiten und bald neue Modelle anbieten.<\/p>\n\n\n\n<p>Bis dahin werden alle ben\u00f6tigten Ersatzteile, Schemata, Manuals, &#8230; geliefert &#8211; Fragen Sie uns an.<\/p>\n\n\n\n<figure class=\"wp-block-image size-full\"><img fetchpriority=\"high\" decoding=\"async\" width=\"1894\" height=\"299\" src=\"https:\/\/retus.ch\/wp-content\/uploads\/2025\/05\/Metzgerei-Streifen-1.jpg\" alt=\"\" class=\"wp-image-893\" srcset=\"https:\/\/retus.ch\/wp-content\/uploads\/2025\/05\/Metzgerei-Streifen-1.jpg 1894w, https:\/\/retus.ch\/wp-content\/uploads\/2025\/05\/Metzgerei-Streifen-1-1536x242.jpg 1536w\" sizes=\"(max-width: 1894px) 100vw, 1894px\" \/><\/figure>\n\n\n\n<div class=\"wp-block-group\"><div class=\"wp-block-group__inner-container is-layout-constrained wp-block-group-is-layout-constrained\">\n<div class=\"wp-block-columns is-layout-flex wp-container-core-columns-is-layout-9d6595d7 wp-block-columns-is-layout-flex\">\n<div class=\"wp-block-column is-layout-flow wp-block-column-is-layout-flow\" style=\"flex-basis:100%\">\n<div class=\"wp-block-columns is-layout-flex wp-container-core-columns-is-layout-9d6595d7 wp-block-columns-is-layout-flex\">\n<div class=\"wp-block-column is-layout-flow wp-block-column-is-layout-flow\" style=\"flex-basis:20%\">\n<p>Tumbler<\/p>\n<\/div>\n\n\n\n<div class=\"wp-block-column is-layout-flow wp-block-column-is-layout-flow\" style=\"flex-basis:20%\">\n<p>P\u00f6kelmaschine<\/p>\n<\/div>\n\n\n\n<div class=\"wp-block-column is-layout-flow wp-block-column-is-layout-flow\" style=\"flex-basis:20%\">\n<p>Filterwagen<\/p>\n<\/div>\n\n\n\n<div class=\"wp-block-column is-layout-flow wp-block-column-is-layout-flow\" style=\"flex-basis:20%\">\n<p>PSM-75<\/p>\n<\/div>\n\n\n\n<div class=\"wp-block-column is-layout-flow wp-block-column-is-layout-flow\" style=\"flex-basis:20%\">\n<p>Schinkenpresse<\/p>\n<\/div>\n<\/div>\n<\/div>\n<\/div>\n<\/div><\/div>\n\n\n\n<div class=\"wp-block-columns is-layout-flex wp-container-core-columns-is-layout-9d6595d7 wp-block-columns-is-layout-flex\">\n<div class=\"wp-block-column is-layout-flow wp-block-column-is-layout-flow\" style=\"flex-basis:13%\">\n<figure class=\"wp-block-image size-full is-resized\"><img decoding=\"async\" width=\"279\" height=\"264\" src=\"https:\/\/retus.ch\/wp-content\/uploads\/2025\/05\/Screenshot-2025-05-31-182223-1.png\" alt=\"\" class=\"wp-image-822\" style=\"object-fit:cover;width:230px;height:220px\"\/><\/figure>\n<\/div>\n\n\n\n<div class=\"wp-block-column is-layout-flow wp-block-column-is-layout-flow\" style=\"flex-basis:87%\">\n<p><br>Wir stellen alle einmal verkauften Bauteile auch als Einzelanfertigung her. Bauteile die nicht mehr ab Lager verf\u00fcgbar sind, werden je nach Baugruppe innert 4-10 Wochen nachgebaut, sodass Sie Ihre Anlage noch lange weiterbetreiben k\u00f6nnen.<br><br>Tel. 062 737 41 41  &#8211;  info@retus.ch<\/p>\n<\/div>\n<\/div>\n","protected":false},"excerpt":{"rendered":"<p>\u00dcber 40 Jahre produzierte RETUS verschiedene Metzgereimaschinen f\u00fcr die ganze Welt (1970&#8230;2020). Der Vertrieb lief ausschliesslich \u00fcber den Markennamen DORIT. Mehrere tausend Maschinen wurden hergestellt.&hellip;<\/p>\n","protected":false},"author":1,"featured_media":0,"parent":0,"menu_order":0,"comment_status":"closed","ping_status":"closed","template":"","meta":{"footnotes":""},"class_list":["post-731","page","type-page","status-publish","hentry"],"_links":{"self":[{"href":"https:\/\/retus.ch\/index.php?rest_route=\/wp\/v2\/pages\/731","targetHints":{"allow":["GET"]}}],"collection":[{"href":"https:\/\/retus.ch\/index.php?rest_route=\/wp\/v2\/pages"}],"about":[{"href":"https:\/\/retus.ch\/index.php?rest_route=\/wp\/v2\/types\/page"}],"author":[{"embeddable":true,"href":"https:\/\/retus.ch\/index.php?rest_route=\/wp\/v2\/users\/1"}],"replies":[{"embeddable":true,"href":"https:\/\/retus.ch\/index.php?rest_route=%2Fwp%2Fv2%2Fcomments&post=731"}],"version-history":[{"count":34,"href":"https:\/\/retus.ch\/index.php?rest_route=\/wp\/v2\/pages\/731\/revisions"}],"predecessor-version":[{"id":1003,"href":"https:\/\/retus.ch\/index.php?rest_route=\/wp\/v2\/pages\/731\/revisions\/1003"}],"wp:attachment":[{"href":"https:\/\/retus.ch\/index.php?rest_route=%2Fwp%2Fv2%2Fmedia&parent=731"}],"curies":[{"name":"wp","href":"https:\/\/api.w.org\/{rel}","templated":true}]}}