{"id":728,"date":"2025-05-19T13:40:14","date_gmt":"2025-05-19T11:40:14","guid":{"rendered":"https:\/\/baertschi.jsa.ch\/?page_id=728"},"modified":"2025-06-01T09:02:55","modified_gmt":"2025-06-01T07:02:55","slug":"beton-x","status":"publish","type":"page","link":"https:\/\/retus.ch\/?page_id=728","title":{"rendered":"Beton-X (Baustellen Abwasser-Neutralisatoren)"},"content":{"rendered":"\n<p>Baustellenabwasser weist typisch einen PH-Wert > 10 auf. Um die vorgegebenen Grenzwerte einzuhalten, ist das Baugewerbe verpflichtet, den PH-Wert des Baustellenabwassers zu \u00fcberpr\u00fcfen und gegebenenfalls zu korrigieren (neutralisieren).\u00a0<br>Unsere Beton-X Abwasser-Neutralisatoren sind genau daf\u00fcr entwickelt worden. Es gibt sie in verschiedenen Gr\u00f6ssen und Ausf\u00fchrungen. Diese Neutralisatoren sind alle dazu da, um dem Ansteigen des PH-Wertes, was haupts\u00e4chlich durch die Verwendung von Zement ausgel\u00f6st wird, entgegenzuwirken. Nur neutralisiertes Wasser (PH-Wert 6.5 bis ca. 8) darf der Umwelt unbesorgt zugef\u00fchrt werden.<\/p>\n\n\n\n<figure class=\"wp-block-image size-full\"><img fetchpriority=\"high\" decoding=\"async\" width=\"1920\" height=\"302\" src=\"https:\/\/retus.ch\/wp-content\/uploads\/2025\/05\/Beton-x-Streifen-1.jpg\" alt=\"\" class=\"wp-image-883\" srcset=\"https:\/\/retus.ch\/wp-content\/uploads\/2025\/05\/Beton-x-Streifen-1.jpg 1920w, https:\/\/retus.ch\/wp-content\/uploads\/2025\/05\/Beton-x-Streifen-1-1536x242.jpg 1536w\" sizes=\"(max-width: 1920px) 100vw, 1920px\" \/><\/figure>\n\n\n\n<div class=\"wp-block-columns is-layout-flex wp-container-core-columns-is-layout-9d6595d7 wp-block-columns-is-layout-flex\">\n<div class=\"wp-block-column is-layout-flow wp-block-column-is-layout-flow\">\n<div class=\"wp-block-columns is-layout-flex wp-container-core-columns-is-layout-9d6595d7 wp-block-columns-is-layout-flex\">\n<div class=\"wp-block-column is-layout-flow wp-block-column-is-layout-flow\" style=\"flex-basis:20%\">\n<p>Edi Plus (Cicco)<\/p>\n<\/div>\n\n\n\n<div class=\"wp-block-column is-layout-flow wp-block-column-is-layout-flow\" style=\"flex-basis:20%\">\n<p>SUVA Zulassung<\/p>\n<\/div>\n\n\n\n<div class=\"wp-block-column is-layout-flow wp-block-column-is-layout-flow\" style=\"flex-basis:20%\">\n<p>Mini (Loris)<\/p>\n<\/div>\n\n\n\n<div class=\"wp-block-column is-layout-flow wp-block-column-is-layout-flow\" style=\"flex-basis:20%\">\n<p>Standard (Silvia)<\/p>\n<\/div>\n\n\n\n<div class=\"wp-block-column is-layout-flow wp-block-column-is-layout-flow\" style=\"flex-basis:20%\">\n<p>Durchlauf (Lali)<\/p>\n<\/div>\n<\/div>\n<\/div>\n<\/div>\n\n\n\n<div class=\"wp-block-columns is-layout-flex wp-container-core-columns-is-layout-9d6595d7 wp-block-columns-is-layout-flex\">\n<div class=\"wp-block-column is-layout-flow wp-block-column-is-layout-flow\" style=\"flex-basis:13%\">\n<figure class=\"wp-block-image size-full is-resized\"><img decoding=\"async\" width=\"279\" height=\"264\" src=\"https:\/\/retus.ch\/wp-content\/uploads\/2025\/05\/Screenshot-2025-05-31-182223-1.png\" alt=\"\" class=\"wp-image-822\" style=\"object-fit:cover;width:230px;height:220px\"\/><\/figure>\n<\/div>\n\n\n\n<div class=\"wp-block-column is-layout-flow wp-block-column-is-layout-flow\" style=\"flex-basis:87%\">\n<p><br>Ein grosser Teil der Ersatzteile sind ab Lager verf\u00fcgbar. Wir stellen alle einmal verkauften Bauteile auch als Einzelanfertigung her. Bauteile die nicht ab Lager verf\u00fcgbar sind, werden je nach Baugruppe innert 4-10 Wochen nachgebaut, sodass Sie Ihre Anlage noch lange weiterbetreiben k\u00f6nnen.<br><br>Tel. 062 737 41 41 &#8211; info@retus.ch<\/p>\n<\/div>\n<\/div>\n","protected":false},"excerpt":{"rendered":"<p>Baustellenabwasser weist typisch einen PH-Wert > 10 auf. Um die vorgegebenen Grenzwerte einzuhalten, ist das Baugewerbe verpflichtet, den PH-Wert des Baustellenabwassers zu \u00fcberpr\u00fcfen und gegebenenfalls&hellip;<\/p>\n","protected":false},"author":1,"featured_media":0,"parent":0,"menu_order":0,"comment_status":"closed","ping_status":"closed","template":"","meta":{"footnotes":""},"class_list":["post-728","page","type-page","status-publish","hentry"],"_links":{"self":[{"href":"https:\/\/retus.ch\/index.php?rest_route=\/wp\/v2\/pages\/728","targetHints":{"allow":["GET"]}}],"collection":[{"href":"https:\/\/retus.ch\/index.php?rest_route=\/wp\/v2\/pages"}],"about":[{"href":"https:\/\/retus.ch\/index.php?rest_route=\/wp\/v2\/types\/page"}],"author":[{"embeddable":true,"href":"https:\/\/retus.ch\/index.php?rest_route=\/wp\/v2\/users\/1"}],"replies":[{"embeddable":true,"href":"https:\/\/retus.ch\/index.php?rest_route=%2Fwp%2Fv2%2Fcomments&post=728"}],"version-history":[{"count":29,"href":"https:\/\/retus.ch\/index.php?rest_route=\/wp\/v2\/pages\/728\/revisions"}],"predecessor-version":[{"id":1012,"href":"https:\/\/retus.ch\/index.php?rest_route=\/wp\/v2\/pages\/728\/revisions\/1012"}],"wp:attachment":[{"href":"https:\/\/retus.ch\/index.php?rest_route=%2Fwp%2Fv2%2Fmedia&parent=728"}],"curies":[{"name":"wp","href":"https:\/\/api.w.org\/{rel}","templated":true}]}}