{"id":332,"date":"2025-04-27T18:37:28","date_gmt":"2025-04-27T16:37:28","guid":{"rendered":"https:\/\/baertschi.jsa.ch\/?page_id=332"},"modified":"2025-05-31T17:58:51","modified_gmt":"2025-05-31T15:58:51","slug":"karte-zu-retus","status":"publish","type":"page","link":"https:\/\/retus.ch\/?page_id=332","title":{"rendered":"Karte zu RETUS"},"content":{"rendered":"\n<p><a href=\"https:\/\/www.google.ch\/maps\/place\/Erwin+Suter+AG,+Maschinenfabrik+Retus\/@47.3247918,8.0177523,17z\/data=!3m1!4b1!4m6!3m5!1s0x479024cab78316db:0x60c38337bf567904!8m2!3d47.3247918!4d8.0177523!16s%2Fg%2F1vg6snhd?entry=ttu&amp;g_ep=EgoyMDI1MDUxMS4wIKXMDSoASAFQAw%3D%3D\"><strong>Link zu RETUS &#8211; hier klicken<\/strong><\/a><\/p>\n\n\n\n<figure class=\"wp-block-image size-full\"><img fetchpriority=\"high\" decoding=\"async\" width=\"1181\" height=\"642\" src=\"https:\/\/retus.ch\/wp-content\/uploads\/2025\/05\/image-11.png\" alt=\"\" class=\"wp-image-710\"\/><\/figure>\n\n\n\n<div class=\"wp-block-media-text is-stacked-on-mobile\" style=\"grid-template-columns:15% auto\"><figure class=\"wp-block-media-text__media\"><img decoding=\"async\" width=\"1024\" height=\"842\" src=\"https:\/\/retus.ch\/wp-content\/uploads\/2025\/05\/image-12-1024x842.png\" alt=\"\" class=\"wp-image-712 size-full\"\/><\/figure><div class=\"wp-block-media-text__content\">\n<p>In K\u00f6lliken an der Hauptkreuzung Rgt. Safenwil. Dann vor Ortsausgang Rgt Bottenwil (Wegweiser im Bild links).<\/p>\n\n\n\n<p>Von der Autobahn aus Rgt Holzikon, am Ortseingang Rgt Safenwil &#8211; nach dem Wald unmittelbar nach dem Wegweiser Rastst\u00e4tte &#171;K\u00f6lliken S\u00fcd&#187; nach rechts abbiegen. Gleich nach dem Bahn\u00fcbergang links sind wir &#8211; RETUS.<\/p>\n<\/div><\/div>\n","protected":false},"excerpt":{"rendered":"<p>Link zu RETUS &#8211; hier klicken In K\u00f6lliken an der Hauptkreuzung Rgt. Safenwil. Dann vor Ortsausgang Rgt Bottenwil (Wegweiser im Bild links). Von der Autobahn&hellip;<\/p>\n","protected":false},"author":1,"featured_media":0,"parent":0,"menu_order":0,"comment_status":"closed","ping_status":"closed","template":"","meta":{"footnotes":""},"class_list":["post-332","page","type-page","status-publish","hentry"],"_links":{"self":[{"href":"https:\/\/retus.ch\/index.php?rest_route=\/wp\/v2\/pages\/332","targetHints":{"allow":["GET"]}}],"collection":[{"href":"https:\/\/retus.ch\/index.php?rest_route=\/wp\/v2\/pages"}],"about":[{"href":"https:\/\/retus.ch\/index.php?rest_route=\/wp\/v2\/types\/page"}],"author":[{"embeddable":true,"href":"https:\/\/retus.ch\/index.php?rest_route=\/wp\/v2\/users\/1"}],"replies":[{"embeddable":true,"href":"https:\/\/retus.ch\/index.php?rest_route=%2Fwp%2Fv2%2Fcomments&post=332"}],"version-history":[{"count":19,"href":"https:\/\/retus.ch\/index.php?rest_route=\/wp\/v2\/pages\/332\/revisions"}],"predecessor-version":[{"id":793,"href":"https:\/\/retus.ch\/index.php?rest_route=\/wp\/v2\/pages\/332\/revisions\/793"}],"wp:attachment":[{"href":"https:\/\/retus.ch\/index.php?rest_route=%2Fwp%2Fv2%2Fmedia&parent=332"}],"curies":[{"name":"wp","href":"https:\/\/api.w.org\/{rel}","templated":true}]}}