{"id":323,"date":"2025-04-27T18:35:34","date_gmt":"2025-04-27T16:35:34","guid":{"rendered":"https:\/\/baertschi.jsa.ch\/?page_id=323"},"modified":"2025-11-05T18:29:35","modified_gmt":"2025-11-05T17:29:35","slug":"abkanten-und-runden","status":"publish","type":"page","link":"https:\/\/retus.ch\/?page_id=323","title":{"rendered":"Abkanten und Runden"},"content":{"rendered":"\n<p>Mit unseren 3 Abkantmaschinen k\u00f6nnen wir Ausgangsmaterial bis zu 10mm Materialst\u00e4rke verarbeiten. Je nach Material und St\u00e4rke erreichen wir bis 0.05mm Genauigkeit.<\/p>\n\n\n\n<figure class=\"wp-block-image size-full\"><img fetchpriority=\"high\" decoding=\"async\" width=\"1920\" height=\"301\" src=\"https:\/\/retus.ch\/wp-content\/uploads\/2025\/05\/Abkanten-Streifen-1.jpg\" alt=\"\" class=\"wp-image-942\" srcset=\"https:\/\/retus.ch\/wp-content\/uploads\/2025\/05\/Abkanten-Streifen-1.jpg 1920w, https:\/\/retus.ch\/wp-content\/uploads\/2025\/05\/Abkanten-Streifen-1-1536x241.jpg 1536w\" sizes=\"(max-width: 1920px) 100vw, 1920px\" \/><\/figure>\n\n\n\n<div class=\"wp-block-columns is-layout-flex wp-container-core-columns-is-layout-9d6595d7 wp-block-columns-is-layout-flex\">\n<div class=\"wp-block-column is-layout-flow wp-block-column-is-layout-flow\">\n<div class=\"wp-block-columns is-layout-flex wp-container-core-columns-is-layout-9d6595d7 wp-block-columns-is-layout-flex\">\n<div class=\"wp-block-column is-layout-flow wp-block-column-is-layout-flow\" style=\"flex-basis:13%\"><\/div>\n\n\n\n<div class=\"wp-block-column is-layout-flow wp-block-column-is-layout-flow\" style=\"flex-basis:87%\">\n<p><br>Wir biegen und formen Bleche aus ALU, Stahl, INOX oder Buntmetall bis 10mm.<br>Abkanten: L\u00e4nge bis 1500mm &#8211; Runden: St\u00e4rke 6mm \/ Dmax ca.1000mm.<br><br><br>neuer Teamleiter gesucht ab 2026 &#8211; Tel. 062 737 41 41 &#8211; info@retus.ch<\/p>\n<\/div>\n<\/div>\n<\/div>\n<\/div>\n\n\n\n<div class=\"wp-block-media-text is-stacked-on-mobile\" style=\"grid-template-columns:25% auto\"><figure class=\"wp-block-media-text__media\"><video controls src=\"https:\/\/retus.ch\/wp-content\/uploads\/2025\/05\/abkanten.mov\"><\/video><\/figure><div class=\"wp-block-media-text__content\">\n<p><\/p>\n\n\n\n<p>Abkanten an einer Maschine<br>3 Biegungen hintereinander<\/p>\n<\/div><\/div>\n","protected":false},"excerpt":{"rendered":"<p>Mit unseren 3 Abkantmaschinen k\u00f6nnen wir Ausgangsmaterial bis zu 10mm Materialst\u00e4rke verarbeiten. Je nach Material und St\u00e4rke erreichen wir bis 0.05mm Genauigkeit. Wir biegen und&hellip;<\/p>\n","protected":false},"author":1,"featured_media":0,"parent":0,"menu_order":0,"comment_status":"closed","ping_status":"closed","template":"","meta":{"footnotes":""},"class_list":["post-323","page","type-page","status-publish","hentry"],"_links":{"self":[{"href":"https:\/\/retus.ch\/index.php?rest_route=\/wp\/v2\/pages\/323","targetHints":{"allow":["GET"]}}],"collection":[{"href":"https:\/\/retus.ch\/index.php?rest_route=\/wp\/v2\/pages"}],"about":[{"href":"https:\/\/retus.ch\/index.php?rest_route=\/wp\/v2\/types\/page"}],"author":[{"embeddable":true,"href":"https:\/\/retus.ch\/index.php?rest_route=\/wp\/v2\/users\/1"}],"replies":[{"embeddable":true,"href":"https:\/\/retus.ch\/index.php?rest_route=%2Fwp%2Fv2%2Fcomments&post=323"}],"version-history":[{"count":23,"href":"https:\/\/retus.ch\/index.php?rest_route=\/wp\/v2\/pages\/323\/revisions"}],"predecessor-version":[{"id":1094,"href":"https:\/\/retus.ch\/index.php?rest_route=\/wp\/v2\/pages\/323\/revisions\/1094"}],"wp:attachment":[{"href":"https:\/\/retus.ch\/index.php?rest_route=%2Fwp%2Fv2%2Fmedia&parent=323"}],"curies":[{"name":"wp","href":"https:\/\/api.w.org\/{rel}","templated":true}]}}