{"id":320,"date":"2025-04-27T18:34:55","date_gmt":"2025-04-27T16:34:55","guid":{"rendered":"https:\/\/baertschi.jsa.ch\/?page_id=320"},"modified":"2025-11-05T18:28:50","modified_gmt":"2025-11-05T17:28:50","slug":"lasern","status":"publish","type":"page","link":"https:\/\/retus.ch\/?page_id=320","title":{"rendered":"Laserschneidmaschine L 2530"},"content":{"rendered":"\n<p>Der Laser kann je nach Materialst\u00e4rke Durchgangsl\u00f6cher ab 0.5mm erstellen und arbeitet bis zu ein paar mm Materialst\u00e4rke mit 0.1mm Genauigkeit.<\/p>\n\n\n\n<figure class=\"wp-block-image size-full\"><img fetchpriority=\"high\" decoding=\"async\" width=\"1920\" height=\"304\" src=\"https:\/\/retus.ch\/wp-content\/uploads\/2025\/05\/Laser-Streifen-1-1.jpg\" alt=\"\" class=\"wp-image-914\" srcset=\"https:\/\/retus.ch\/wp-content\/uploads\/2025\/05\/Laser-Streifen-1-1.jpg 1920w, https:\/\/retus.ch\/wp-content\/uploads\/2025\/05\/Laser-Streifen-1-1-1536x243.jpg 1536w\" sizes=\"(max-width: 1920px) 100vw, 1920px\" \/><\/figure>\n\n\n\n<div class=\"wp-block-columns is-layout-flex wp-container-core-columns-is-layout-9d6595d7 wp-block-columns-is-layout-flex\">\n<div class=\"wp-block-column is-layout-flow wp-block-column-is-layout-flow\" style=\"flex-basis:13%\"><\/div>\n\n\n\n<div class=\"wp-block-column is-layout-flow wp-block-column-is-layout-flow\" style=\"flex-basis:87%\">\n<p><br>Wir schneiden aus Tafeln im Halbformat: 1250x2500mm \/ Stahl bis 15mm \/ INOX bis 9mm \/ ALU bis 6mm.<br><br>Grundlagen f\u00fcr die Programmierung unseres Lasers sind Dateien im 2-D Format wie dxf oder dwg. Diese k\u00f6nnen leicht ab STEP, STL oder IPT abgeleitet werden.<br><br><br><strong>Teamleiter Laser:<\/strong>\u00a0Michi Suter \u2013 m.suter@retus.ch &#8211; Tel. 062 737 41 56<\/p>\n<\/div>\n<\/div>\n\n\n\n<div class=\"wp-block-columns is-layout-flex wp-container-core-columns-is-layout-9d6595d7 wp-block-columns-is-layout-flex\">\n<div class=\"wp-block-column is-layout-flow wp-block-column-is-layout-flow\" style=\"flex-basis:13%\"><\/div>\n\n\n\n<div class=\"wp-block-column is-layout-flow wp-block-column-is-layout-flow\" style=\"flex-basis:87%\">\n<p><br><br><br><br><\/p>\n<\/div>\n<\/div>\n","protected":false},"excerpt":{"rendered":"<p>Der Laser kann je nach Materialst\u00e4rke Durchgangsl\u00f6cher ab 0.5mm erstellen und arbeitet bis zu ein paar mm Materialst\u00e4rke mit 0.1mm Genauigkeit. Wir schneiden aus Tafeln&hellip;<\/p>\n","protected":false},"author":1,"featured_media":0,"parent":0,"menu_order":0,"comment_status":"closed","ping_status":"closed","template":"","meta":{"footnotes":""},"class_list":["post-320","page","type-page","status-publish","hentry"],"_links":{"self":[{"href":"https:\/\/retus.ch\/index.php?rest_route=\/wp\/v2\/pages\/320","targetHints":{"allow":["GET"]}}],"collection":[{"href":"https:\/\/retus.ch\/index.php?rest_route=\/wp\/v2\/pages"}],"about":[{"href":"https:\/\/retus.ch\/index.php?rest_route=\/wp\/v2\/types\/page"}],"author":[{"embeddable":true,"href":"https:\/\/retus.ch\/index.php?rest_route=\/wp\/v2\/users\/1"}],"replies":[{"embeddable":true,"href":"https:\/\/retus.ch\/index.php?rest_route=%2Fwp%2Fv2%2Fcomments&post=320"}],"version-history":[{"count":26,"href":"https:\/\/retus.ch\/index.php?rest_route=\/wp\/v2\/pages\/320\/revisions"}],"predecessor-version":[{"id":1093,"href":"https:\/\/retus.ch\/index.php?rest_route=\/wp\/v2\/pages\/320\/revisions\/1093"}],"wp:attachment":[{"href":"https:\/\/retus.ch\/index.php?rest_route=%2Fwp%2Fv2%2Fmedia&parent=320"}],"curies":[{"name":"wp","href":"https:\/\/api.w.org\/{rel}","templated":true}]}}