{"id":269,"date":"2025-04-12T08:39:38","date_gmt":"2025-04-12T06:39:38","guid":{"rendered":"https:\/\/baertschi.jsa.ch\/?page_id=269"},"modified":"2025-11-05T18:23:01","modified_gmt":"2025-11-05T17:23:01","slug":"fraesen","status":"publish","type":"page","link":"https:\/\/retus.ch\/?page_id=269","title":{"rendered":"Fr\u00e4sen auf 5 CNC-Maschinen"},"content":{"rendered":"\n<p>Wir fr\u00e4sen und bohren Bauteile aus Stahl, INOX, ALU und jeder Art von Buntmetall oder Kunststoff (nicht GFK). Am idealsten ist RETUS aufgestellt f\u00fcr Einzelanfertigungen oder Baugruppen bis zu 1000stk. Einzelne Bauteile wurden aber auch schon in St\u00fcckzahlen bis 16&#8217;000 gefertigt.<\/p>\n\n\n\n<figure class=\"wp-block-image size-full\"><img fetchpriority=\"high\" decoding=\"async\" width=\"1894\" height=\"299\" src=\"https:\/\/retus.ch\/wp-content\/uploads\/2025\/05\/Fraesen-Streifen-1-1.jpg\" alt=\"\" class=\"wp-image-900\" srcset=\"https:\/\/retus.ch\/wp-content\/uploads\/2025\/05\/Fraesen-Streifen-1-1.jpg 1894w, https:\/\/retus.ch\/wp-content\/uploads\/2025\/05\/Fraesen-Streifen-1-1-1536x242.jpg 1536w\" sizes=\"(max-width: 1894px) 100vw, 1894px\" \/><\/figure>\n\n\n\n<div class=\"wp-block-columns is-layout-flex wp-container-core-columns-is-layout-9d6595d7 wp-block-columns-is-layout-flex\">\n<div class=\"wp-block-column is-layout-flow wp-block-column-is-layout-flow\" style=\"flex-basis:13%\"><\/div>\n\n\n\n<div class=\"wp-block-column is-layout-flow wp-block-column-is-layout-flow\" style=\"flex-basis:87%\">\n<p><br>Bauteile k\u00f6nnen bis zu folgenden Gr\u00f6ssen bearbeitet werden: <br>L\u00e4nge: 2000mm \/ Breite: 760mm \/ H\u00f6he: 500mm \/ Gewicht: bis 500kg<br><br>Es stehen 6 Fr\u00e4smaschinen und diverse &#171;analoge&#187; Ger\u00e4te f\u00fcr Expressfertigung zur Verf\u00fcgung.<\/p>\n\n\n\n<p>Jedes Bauteil ist mit jeder Art von Oberfl\u00e4chenveredelung lieferbar<br>(eloxieren, versilbern, verzinken, lackiert, &#8230;&#8230;).<br><br>Tel. 062 737 41 41 &#8211; info@retus.ch<\/p>\n<\/div>\n<\/div>\n","protected":false},"excerpt":{"rendered":"<p>Wir fr\u00e4sen und bohren Bauteile aus Stahl, INOX, ALU und jeder Art von Buntmetall oder Kunststoff (nicht GFK). Am idealsten ist RETUS aufgestellt f\u00fcr Einzelanfertigungen&hellip;<\/p>\n","protected":false},"author":1,"featured_media":0,"parent":0,"menu_order":0,"comment_status":"closed","ping_status":"closed","template":"","meta":{"footnotes":""},"class_list":["post-269","page","type-page","status-publish","hentry"],"_links":{"self":[{"href":"https:\/\/retus.ch\/index.php?rest_route=\/wp\/v2\/pages\/269","targetHints":{"allow":["GET"]}}],"collection":[{"href":"https:\/\/retus.ch\/index.php?rest_route=\/wp\/v2\/pages"}],"about":[{"href":"https:\/\/retus.ch\/index.php?rest_route=\/wp\/v2\/types\/page"}],"author":[{"embeddable":true,"href":"https:\/\/retus.ch\/index.php?rest_route=\/wp\/v2\/users\/1"}],"replies":[{"embeddable":true,"href":"https:\/\/retus.ch\/index.php?rest_route=%2Fwp%2Fv2%2Fcomments&post=269"}],"version-history":[{"count":25,"href":"https:\/\/retus.ch\/index.php?rest_route=\/wp\/v2\/pages\/269\/revisions"}],"predecessor-version":[{"id":1085,"href":"https:\/\/retus.ch\/index.php?rest_route=\/wp\/v2\/pages\/269\/revisions\/1085"}],"wp:attachment":[{"href":"https:\/\/retus.ch\/index.php?rest_route=%2Fwp%2Fv2%2Fmedia&parent=269"}],"curies":[{"name":"wp","href":"https:\/\/api.w.org\/{rel}","templated":true}]}}