{"id":257,"date":"2025-04-12T08:21:01","date_gmt":"2025-04-12T06:21:01","guid":{"rendered":"https:\/\/baertschi.jsa.ch\/?page_id=257"},"modified":"2025-11-05T18:26:24","modified_gmt":"2025-11-05T17:26:24","slug":"drehen","status":"publish","type":"page","link":"https:\/\/retus.ch\/?page_id=257","title":{"rendered":"Drehen auf 5 CNC-Maschinen"},"content":{"rendered":"\n<p>Wir drehen, fr\u00e4sen und bohren Bauteile aus Stahl, INOX, ALU und jeder Art von Buntmetall oder Kunststoff (nicht GFK). Am idealsten ist RETUS aufgestellt f\u00fcr Einzelanfertigungen oder Baugruppen bis zu 1000stk. Einzelne Bauteile wurden aber auch schon in St\u00fcckzahlen bis 16&#8217;000 gefertigt.<\/p>\n\n\n\n<figure class=\"wp-block-image size-full\"><img fetchpriority=\"high\" decoding=\"async\" width=\"1920\" height=\"302\" src=\"https:\/\/retus.ch\/wp-content\/uploads\/2025\/05\/Drehen-Streifen-2-1.jpg\" alt=\"\" class=\"wp-image-868\" srcset=\"https:\/\/retus.ch\/wp-content\/uploads\/2025\/05\/Drehen-Streifen-2-1.jpg 1920w, https:\/\/retus.ch\/wp-content\/uploads\/2025\/05\/Drehen-Streifen-2-1-1536x242.jpg 1536w\" sizes=\"(max-width: 1920px) 100vw, 1920px\" \/><\/figure>\n\n\n\n<div class=\"wp-block-columns is-layout-flex wp-container-core-columns-is-layout-9d6595d7 wp-block-columns-is-layout-flex\">\n<div class=\"wp-block-column is-layout-flow wp-block-column-is-layout-flow\" style=\"flex-basis:13%\"><\/div>\n\n\n\n<div class=\"wp-block-column is-layout-flow wp-block-column-is-layout-flow\" style=\"flex-basis:87%\">\n<p><br>Bauteile k\u00f6nnen bis zu folgenden Gr\u00f6ssen bearbeitet werden:<br>L\u00e4nge: 1500mm \/ Durchmesser: 500mm \/ Gewicht: bis 300kg<br><br>Es stehen 5 Drehmaschinen und ein &#171;analoger&#187; Drehbank f\u00fcr Express zur Verf\u00fcgung.<\/p>\n\n\n\n<p>Spezialanfertigungen: Keilbahnstossen \/ R\u00e4ndeln \/ Ultraschallreinigen<br>Jedes Bauteil ist mit jeder Art von Oberfl\u00e4chenveredelung lieferbar<br>(eloxieren, versilbern, verzinken, lackiert, &#8230;&#8230;).<br><br><strong>Teamleiter Drehen:<\/strong> Milivoje Rodi\u0107 &#8211; m.rodic@retus.ch<\/p>\n<\/div>\n<\/div>\n","protected":false},"excerpt":{"rendered":"<p>Wir drehen, fr\u00e4sen und bohren Bauteile aus Stahl, INOX, ALU und jeder Art von Buntmetall oder Kunststoff (nicht GFK). Am idealsten ist RETUS aufgestellt f\u00fcr&hellip;<\/p>\n","protected":false},"author":1,"featured_media":0,"parent":0,"menu_order":0,"comment_status":"closed","ping_status":"closed","template":"","meta":{"footnotes":""},"class_list":["post-257","page","type-page","status-publish","hentry"],"_links":{"self":[{"href":"https:\/\/retus.ch\/index.php?rest_route=\/wp\/v2\/pages\/257","targetHints":{"allow":["GET"]}}],"collection":[{"href":"https:\/\/retus.ch\/index.php?rest_route=\/wp\/v2\/pages"}],"about":[{"href":"https:\/\/retus.ch\/index.php?rest_route=\/wp\/v2\/types\/page"}],"author":[{"embeddable":true,"href":"https:\/\/retus.ch\/index.php?rest_route=\/wp\/v2\/users\/1"}],"replies":[{"embeddable":true,"href":"https:\/\/retus.ch\/index.php?rest_route=%2Fwp%2Fv2%2Fcomments&post=257"}],"version-history":[{"count":52,"href":"https:\/\/retus.ch\/index.php?rest_route=\/wp\/v2\/pages\/257\/revisions"}],"predecessor-version":[{"id":1090,"href":"https:\/\/retus.ch\/index.php?rest_route=\/wp\/v2\/pages\/257\/revisions\/1090"}],"wp:attachment":[{"href":"https:\/\/retus.ch\/index.php?rest_route=%2Fwp%2Fv2%2Fmedia&parent=257"}],"curies":[{"name":"wp","href":"https:\/\/api.w.org\/{rel}","templated":true}]}}