{"id":2,"date":"2023-05-08T18:19:02","date_gmt":"2023-05-08T16:19:02","guid":{"rendered":"http:\/\/baertschi.jsa.ch\/?page_id=2"},"modified":"2025-06-07T08:18:53","modified_gmt":"2025-06-07T06:18:53","slug":"beispiel-seite","status":"publish","type":"page","link":"https:\/\/retus.ch\/","title":{"rendered":"Was RETUS f\u00fcr Sie wichtig macht"},"content":{"rendered":"\n<div class=\"wp-block-columns is-layout-flex wp-container-core-columns-is-layout-9d6595d7 wp-block-columns-is-layout-flex\">\n<div class=\"wp-block-column is-vertically-aligned-center is-layout-flow wp-block-column-is-layout-flow\" style=\"flex-basis:20%\">\n<figure class=\"wp-block-image size-large is-resized\"><img fetchpriority=\"high\" decoding=\"async\" width=\"1024\" height=\"1024\" src=\"https:\/\/retus.ch\/wp-content\/uploads\/2025\/06\/Nedo-Markovic-Foto-1024x1024.jpg\" alt=\"\" class=\"wp-image-965\" style=\"width:auto;height:250px\" srcset=\"https:\/\/retus.ch\/wp-content\/uploads\/2025\/06\/Nedo-Markovic-Foto-1024x1024.jpg 1024w, https:\/\/retus.ch\/wp-content\/uploads\/2025\/06\/Nedo-Markovic-Foto-300x300.jpg 300w, https:\/\/retus.ch\/wp-content\/uploads\/2025\/06\/Nedo-Markovic-Foto-150x150.jpg 150w, https:\/\/retus.ch\/wp-content\/uploads\/2025\/06\/Nedo-Markovic-Foto-768x768.jpg 768w, https:\/\/retus.ch\/wp-content\/uploads\/2025\/06\/Nedo-Markovic-Foto-1536x1536.jpg 1536w, https:\/\/retus.ch\/wp-content\/uploads\/2025\/06\/Nedo-Markovic-Foto-2048x2048.jpg 2048w\" sizes=\"(max-width: 1024px) 100vw, 1024px\" \/><figcaption class=\"wp-element-caption\">Nedo Markovic<\/figcaption><\/figure>\n<\/div>\n\n\n\n<div class=\"wp-block-column is-vertically-aligned-center is-layout-flow wp-block-column-is-layout-flow\" style=\"flex-basis:60%\">\n<div class=\"wp-block-group is-nowrap is-layout-flex wp-container-core-group-is-layout-ad2f72ca wp-block-group-is-layout-flex\">\n<p class=\"has-text-align-center has-black-color has-text-color has-link-color has-medium-font-size wp-elements-eccae4e5176d150650ae5b073716a090\">  <br><strong>Als verantwortlicher Gesch\u00e4ftsf\u00fchrer unternehme ich alles, um Ihre Auftr\u00e4ge mit der n\u00f6tigen Sorgfalt und selbstverst\u00e4ndlich termingerecht zu erf\u00fcllen. <\/strong><br><\/p>\n<\/div>\n\n\n\n<p><\/p>\n\n\n\n<p class=\"has-text-align-center has-medium-font-size\"><strong>RETUS ist ein schweizweit bekanntes Unternehmen, das hochpr\u00e4zise Bauteile f\u00fcr die metallbearbeitende Industrie herstellt. Qualitativ hochwertig und termingerecht. <\/strong><\/p>\n<\/div>\n\n\n\n<div class=\"wp-block-column is-vertically-aligned-center is-layout-flow wp-block-column-is-layout-flow\" style=\"flex-basis:20%\">\n<figure class=\"wp-block-image size-full is-resized\"><img decoding=\"async\" width=\"243\" height=\"183\" src=\"https:\/\/retus.ch\/wp-content\/uploads\/2025\/06\/Haende-sw.png\" alt=\"\" class=\"wp-image-967\" style=\"width:200px\"\/><figcaption class=\"wp-element-caption\">Wir sind da f\u00fcr Sie<\/figcaption><\/figure>\n<\/div>\n<\/div>\n\n\n\n<figure class=\"wp-block-image size-full\"><img decoding=\"async\" width=\"1920\" height=\"302\" src=\"https:\/\/retus.ch\/wp-content\/uploads\/2025\/06\/Streifen-front.png\" alt=\"\" class=\"wp-image-992\" srcset=\"https:\/\/retus.ch\/wp-content\/uploads\/2025\/06\/Streifen-front.png 1920w, https:\/\/retus.ch\/wp-content\/uploads\/2025\/06\/Streifen-front-1536x242.png 1536w\" sizes=\"(max-width: 1920px) 100vw, 1920px\" \/><\/figure>\n\n\n\n<p class=\"has-text-align-center\">Ob gefr\u00e4ste, gebohrte oder gedrehte Teile, ob geschweisste Konstruktionen f\u00fcr die Bahn (ISO-15085), ob hochwertig pulverbeschichtete oder lackierte Teile oder Einrichtungen f\u00fcr die Industrie, den Ladenbau oder vollst\u00e4ndig montierte und getestete Maschinen f\u00fcr Bau- Lebensmittel- Medizinal- Pharma-, oder Verpackungs\u00adindustrie, wir erf\u00fcllen t\u00e4glich Ihre Anforderungen.<\/p>\n\n\n\n<p class=\"has-text-align-center\">Testen Sie unsere Dienstleistungen &#8211; senden Sie uns die Zeichnung mit Ihrem Werkst\u00fcck und wir erstellen innert 48h eine Offerte (<a href=\"mailto:info@retus.ch\">info@retus.ch<\/a> &#8211; <a href=\"tel:0627374141\">062 737 41 41)<\/a>.<\/p>\n","protected":false},"excerpt":{"rendered":"<p>Als verantwortlicher Gesch\u00e4ftsf\u00fchrer unternehme ich alles, um Ihre Auftr\u00e4ge mit der n\u00f6tigen Sorgfalt und selbstverst\u00e4ndlich termingerecht zu erf\u00fcllen. RETUS ist ein schweizweit bekanntes Unternehmen, das&hellip;<\/p>\n","protected":false},"author":1,"featured_media":0,"parent":0,"menu_order":0,"comment_status":"closed","ping_status":"open","template":"","meta":{"footnotes":""},"class_list":["post-2","page","type-page","status-publish","hentry"],"_links":{"self":[{"href":"https:\/\/retus.ch\/index.php?rest_route=\/wp\/v2\/pages\/2","targetHints":{"allow":["GET"]}}],"collection":[{"href":"https:\/\/retus.ch\/index.php?rest_route=\/wp\/v2\/pages"}],"about":[{"href":"https:\/\/retus.ch\/index.php?rest_route=\/wp\/v2\/types\/page"}],"author":[{"embeddable":true,"href":"https:\/\/retus.ch\/index.php?rest_route=\/wp\/v2\/users\/1"}],"replies":[{"embeddable":true,"href":"https:\/\/retus.ch\/index.php?rest_route=%2Fwp%2Fv2%2Fcomments&post=2"}],"version-history":[{"count":89,"href":"https:\/\/retus.ch\/index.php?rest_route=\/wp\/v2\/pages\/2\/revisions"}],"predecessor-version":[{"id":1043,"href":"https:\/\/retus.ch\/index.php?rest_route=\/wp\/v2\/pages\/2\/revisions\/1043"}],"wp:attachment":[{"href":"https:\/\/retus.ch\/index.php?rest_route=%2Fwp%2Fv2%2Fmedia&parent=2"}],"curies":[{"name":"wp","href":"https:\/\/api.w.org\/{rel}","templated":true}]}}