{"id":170,"date":"2025-04-01T20:40:48","date_gmt":"2025-04-01T18:40:48","guid":{"rendered":"https:\/\/baertschi.jsa.ch\/?page_id=170"},"modified":"2025-06-01T00:18:56","modified_gmt":"2025-05-31T22:18:56","slug":"ihr-zuverlaessiger-partner-aus-koelliken","status":"publish","type":"page","link":"https:\/\/retus.ch\/?page_id=170","title":{"rendered":"Pr\u00e4zisionsteile von RETUS"},"content":{"rendered":"\n<p>Die Erwin Suter AG geniesst bei der Kundschaft ein hohes Ansehen in Bezug auf Qualit\u00e4t und Zuverl\u00e4s\u00adsigkeit. Die Produkte erreichen dank qualitativ hochwertigen Ausgangs\u00admaterialien und pr\u00e4ziser Verarbeitung eine lange Lebensdauer und erf\u00fcllen h\u00f6chste An\u00adspr\u00fcche. Als innovativer KMU-Betrieb wollen wir in Bezug auf Innovation, Qualit\u00e4t, Flexibilit\u00e4t und Lieferbereitschaft herausragen und uns gegen\u00fcber unseren Mitbe\u00adwer\u00adbern abheben. Unsere Mitarbeiter setzen sich t\u00e4glich ein, damit Erwin Suter AG eine verantwortungsbewusste und zuverl\u00e4ssige Firma ist &#8211; eben die RETUS.<\/p>\n\n\n\n<div class=\"wp-block-columns is-layout-flex wp-container-core-columns-is-layout-9d6595d7 wp-block-columns-is-layout-flex\">\n<div class=\"wp-block-column is-layout-flow wp-block-column-is-layout-flow\" style=\"flex-basis:150px\">\n<p> <strong><a href=\"https:\/\/retus.ch\/?page_id=257\" data-type=\"page\" data-id=\"257\">Drehen<\/a><\/strong><\/p>\n<\/div>\n\n\n\n<div class=\"wp-block-column is-layout-flow wp-block-column-is-layout-flow\" style=\"flex-basis:150px\">\n<p><strong><a href=\"https:\/\/retus.ch\/?page_id=269\" data-type=\"page\" data-id=\"269\">Fr\u00e4sen<\/a> <\/strong><\/p>\n<\/div>\n\n\n\n<div class=\"wp-block-column is-layout-flow wp-block-column-is-layout-flow\" style=\"flex-basis:150px\">\n<p><strong><a href=\"https:\/\/retus.ch\/?page_id=320\" data-type=\"page\" data-id=\"320\">Lasern<\/a> <\/strong><\/p>\n<\/div>\n\n\n\n<div class=\"wp-block-column is-layout-flow wp-block-column-is-layout-flow\" style=\"flex-basis:150px\">\n<p><strong><a href=\"https:\/\/retus.ch\/?page_id=323\" data-type=\"page\" data-id=\"323\">Abkanten + Runden<\/a><\/strong><\/p>\n<\/div>\n\n\n\n<div class=\"wp-block-column is-layout-flow wp-block-column-is-layout-flow\" style=\"flex-basis:150px\">\n<p><strong><a href=\"https:\/\/retus.ch\/?page_id=326\" data-type=\"page\" data-id=\"326\">Schweissen<\/a> <\/strong><\/p>\n<\/div>\n\n\n\n<div class=\"wp-block-column is-layout-flow wp-block-column-is-layout-flow\" style=\"flex-basis:150px\">\n<p><strong><a href=\"https:\/\/retus.ch\/?page_id=329\" data-type=\"page\" data-id=\"329\">Montieren<\/a><\/strong><\/p>\n<\/div>\n<\/div>\n\n\n\n<figure class=\"wp-block-image size-full\"><img fetchpriority=\"high\" decoding=\"async\" width=\"1772\" height=\"285\" src=\"https:\/\/retus.ch\/wp-content\/uploads\/2025\/06\/Streifen-allg-1.png\" alt=\"\" class=\"wp-image-957\" srcset=\"https:\/\/retus.ch\/wp-content\/uploads\/2025\/06\/Streifen-allg-1.png 1772w, https:\/\/retus.ch\/wp-content\/uploads\/2025\/06\/Streifen-allg-1-1536x247.png 1536w\" sizes=\"(max-width: 1772px) 100vw, 1772px\" \/><\/figure>\n\n\n\n<p>Ob gefr\u00e4ste, gebohrte oder gedrehte Teile, ob geschweisste Konstruktionen f\u00fcr die Bahn (ISO-15085), ob hochwertig pulverbeschichtete oder lackierte Teile oder Einrichtungen f\u00fcr die Industrie, den Ladenbau oder vollst\u00e4ndig montierte und getestete Maschinen f\u00fcr Bau- Lebensmittel- Pharma- Medizinal- oder Verpackungs\u00adindustrie, wir erf\u00fcllen t\u00e4glich von neuem Ihre Anforderungen<\/p>\n\n\n\n<p><\/p>\n","protected":false},"excerpt":{"rendered":"<p>Die Erwin Suter AG geniesst bei der Kundschaft ein hohes Ansehen in Bezug auf Qualit\u00e4t und Zuverl\u00e4s\u00adsigkeit. Die Produkte erreichen dank qualitativ hochwertigen Ausgangs\u00admaterialien und&hellip;<\/p>\n","protected":false},"author":1,"featured_media":0,"parent":0,"menu_order":0,"comment_status":"closed","ping_status":"closed","template":"","meta":{"footnotes":""},"class_list":["post-170","page","type-page","status-publish","hentry"],"_links":{"self":[{"href":"https:\/\/retus.ch\/index.php?rest_route=\/wp\/v2\/pages\/170","targetHints":{"allow":["GET"]}}],"collection":[{"href":"https:\/\/retus.ch\/index.php?rest_route=\/wp\/v2\/pages"}],"about":[{"href":"https:\/\/retus.ch\/index.php?rest_route=\/wp\/v2\/types\/page"}],"author":[{"embeddable":true,"href":"https:\/\/retus.ch\/index.php?rest_route=\/wp\/v2\/users\/1"}],"replies":[{"embeddable":true,"href":"https:\/\/retus.ch\/index.php?rest_route=%2Fwp%2Fv2%2Fcomments&post=170"}],"version-history":[{"count":37,"href":"https:\/\/retus.ch\/index.php?rest_route=\/wp\/v2\/pages\/170\/revisions"}],"predecessor-version":[{"id":963,"href":"https:\/\/retus.ch\/index.php?rest_route=\/wp\/v2\/pages\/170\/revisions\/963"}],"wp:attachment":[{"href":"https:\/\/retus.ch\/index.php?rest_route=%2Fwp%2Fv2%2Fmedia&parent=170"}],"curies":[{"name":"wp","href":"https:\/\/api.w.org\/{rel}","templated":true}]}}