{"id":145,"date":"2025-04-01T20:57:12","date_gmt":"2025-04-01T18:57:12","guid":{"rendered":"https:\/\/baertschi.jsa.ch\/?page_id=145"},"modified":"2025-06-07T08:11:45","modified_gmt":"2025-06-07T06:11:45","slug":"wir-sind-die-neue-retus","status":"publish","type":"page","link":"https:\/\/retus.ch\/?page_id=145","title":{"rendered":"Wir sind die neue RETUS"},"content":{"rendered":"\n<p><strong>Werden Sie Teil dieser Philosophie und bestellen Sie Ihre Produkte in der Schweiz bei RETUS<\/strong><\/p>\n\n\n\n<p>Die im Jahr 1947 gegr\u00fcndete Firma Erwin Suter AG &#8211; Rufname &#171;<strong>RETUS<\/strong>&#171;<strong> <\/strong>&#8211; ist seit vielen Jahren ein wichtiger Lieferant f\u00fcr namhafte Firmen in der Schweiz und im Ausland. Seit Jahrzehnten auch ein wichtiger Arbeitgeber in der Region K\u00f6lliken. Seit den 50er ist <strong>RETUS <\/strong>in der Metallindustrie als mechanischer Bearbeiter etabliert und als Lieferant f\u00fcr komplexe und qualitativ hochstehende Produkte bekannt. Die Firma hat fr\u00fch mit der Herstellung eigener Produkte begonnen und ist heute erfolgreich in der Industrie vernetzt.<\/p>\n\n\n\n<div class=\"wp-block-columns is-layout-flex wp-container-core-columns-is-layout-9d6595d7 wp-block-columns-is-layout-flex\">\n<div class=\"wp-block-column is-layout-flow wp-block-column-is-layout-flow\" style=\"flex-basis:33.33%\">\n<figure class=\"wp-block-image size-thumbnail is-resized is-style-rounded\"><img decoding=\"async\" width=\"150\" height=\"150\" src=\"https:\/\/retus.ch\/wp-content\/uploads\/2025\/05\/image-2-150x150.png\" alt=\"\" class=\"wp-image-418\" style=\"width:300px\" srcset=\"https:\/\/retus.ch\/wp-content\/uploads\/2025\/05\/image-2-150x150.png 150w, https:\/\/retus.ch\/wp-content\/uploads\/2025\/05\/image-2-300x300.png 300w\" sizes=\"(max-width: 150px) 100vw, 150px\" \/><\/figure>\n\n\n\n<p>Die erste Verpackungsmaschine<br>f\u00fcr Wernli Guetzi (1957-1966)<\/p>\n<\/div>\n\n\n\n<div class=\"wp-block-column is-layout-flow wp-block-column-is-layout-flow\" style=\"flex-basis:33.33%\">\n<figure class=\"wp-block-image size-large is-resized\"><img fetchpriority=\"high\" decoding=\"async\" width=\"255\" height=\"364\" src=\"https:\/\/retus.ch\/wp-content\/uploads\/2025\/05\/image.png\" alt=\"\" class=\"wp-image-415\" style=\"width:250px\"\/><\/figure>\n\n\n\n<p>Erstes selbst entwickeltes Werkzeug<br>(Universalwerkzeugkopf (1960)<\/p>\n<\/div>\n\n\n\n<div class=\"wp-block-column is-layout-flow wp-block-column-is-layout-flow\" style=\"flex-basis:33.33%\">\n<figure class=\"wp-block-image size-large is-style-default\"><img decoding=\"async\" width=\"536\" height=\"456\" src=\"https:\/\/retus.ch\/wp-content\/uploads\/2025\/05\/image-3.png\" alt=\"\" class=\"wp-image-419\" style=\"aspect-ratio:4\/3;object-fit:cover\"\/><\/figure>\n\n\n\n<p>Die 1000ste P\u00f6ckelmaschine (1972)<\/p>\n<\/div>\n<\/div>\n\n\n<div class=\"wp-block-image\">\n<figure class=\"alignright size-large is-resized\"><img loading=\"lazy\" decoding=\"async\" width=\"460\" height=\"515\" src=\"https:\/\/retus.ch\/wp-content\/uploads\/2025\/03\/image-2.png\" alt=\"\" class=\"wp-image-90\" style=\"width:247px;height:auto\"\/><figcaption class=\"wp-element-caption\">Gery B\u00e4rtschi<\/figcaption><\/figure><\/div>\n\n\n<p>Durch den Tod von Herbert Suter hat die Firma turbulente Zeiten durchlebt. So wurde das Jahr 2022, statt zum grossen Jubil\u00e4umsjahr, zu einem der d\u00fcstersten Jahre in der Firmengeschichte der Erwin Suter AG. Der Verlust des weltweit t\u00e4tigen Vertriebskanals \u00abDORIT\u00bb hat im Jahr 2024 zur vorl\u00e4ufigen Stilllegung des Standbeins \u00abMetzgereimaschinen\u00bb gef\u00fchrt. Bis auf Weiteres sind nur Ersatzteile erh\u00e4ltlich. Die erfolgreiche Neuentwicklung \u00abBeton-X.ch\u00bb (Neutralisationsanlage f\u00fcr Bauabwasser) aus dem Jahre 2011 wird weitergef\u00fchrt.<\/p>\n\n\n\n<p>Da die Strukturen der Firma in die Jahre gekommen sind, wurde das Szenario \u00abneu Durchstarten\u00bb ins Leben gerufen, was im Mai 2023 mit dem Verkauf der RETUS an Gery B\u00e4rtschi seinen Anfang fand.<\/p>\n\n\n\n<p>Ich m\u00f6chte mich Ihnen kurz vorstellen. Mein Name ist Gery B\u00e4rtschi. Ich bin gelernter Elektriker mit nachfolgendem Studium als Elektroingenieur. Nach meinem Studium arbeitete ich in der Produkteentwicklung und wechselte sp\u00e4ter in die technische Beratung von Industrieg\u00fctern. Von 1992-2007 war ich selbst\u00e4ndiger Unternehmer. Bis 2022 f\u00fchrte ich in einem international t\u00e4tigen Unternehmen im Energiebereich meinen eigenen Gesch\u00e4ftsbereich. Im 2023\/24 habe ich meine Erfahrung in die Neuausrichtung der RETUS einfliessen lassen und wir arbeiten nun daran, den altbekannten RETUS-Spirit wieder zu erlangen<br><\/p>\n\n\n\n<h2 class=\"wp-block-heading\"><strong>RETUS <\/strong>\u2013 der Ph\u00f6nix aus der Asche<\/h2>\n\n\n\n<p class=\"has-text-align-left\">Mit dem erfolgreich durchgef\u00fchrten Update des bestehenden ERP&#8217;s (PRODAT) und neuen motivierten Mitarbeitern haben wir 2024 die Altlasten aufarbeiten k\u00f6nnen. <strong>RETUS <\/strong>ist seit Anfangs 2025 wieder ein starker und zuverl\u00e4ssiger Lieferant mit selbstbewussten Mitarbeitern geworden. Die Mitarbeiter sind stolz auf ihre Erzeugnisse und unterst\u00fctzen sich gegenseitig, um <strong>RETUS <\/strong>stetig zu verbessern. Wir wollen hervorragende Produkte in gleichbleibender Qualit\u00e4t herstellen, Termine pflichtbewusst einhalten und jederzeit f\u00fcr unsere Kunden da sein, nachhaltig und umweltschonend.<\/p>\n","protected":false},"excerpt":{"rendered":"<p>Werden Sie Teil dieser Philosophie und bestellen Sie Ihre Produkte in der Schweiz bei RETUS Die im Jahr 1947 gegr\u00fcndete Firma Erwin Suter AG &#8211;&hellip;<\/p>\n","protected":false},"author":1,"featured_media":0,"parent":0,"menu_order":0,"comment_status":"closed","ping_status":"closed","template":"","meta":{"footnotes":""},"class_list":["post-145","page","type-page","status-publish","hentry"],"_links":{"self":[{"href":"https:\/\/retus.ch\/index.php?rest_route=\/wp\/v2\/pages\/145","targetHints":{"allow":["GET"]}}],"collection":[{"href":"https:\/\/retus.ch\/index.php?rest_route=\/wp\/v2\/pages"}],"about":[{"href":"https:\/\/retus.ch\/index.php?rest_route=\/wp\/v2\/types\/page"}],"author":[{"embeddable":true,"href":"https:\/\/retus.ch\/index.php?rest_route=\/wp\/v2\/users\/1"}],"replies":[{"embeddable":true,"href":"https:\/\/retus.ch\/index.php?rest_route=%2Fwp%2Fv2%2Fcomments&post=145"}],"version-history":[{"count":39,"href":"https:\/\/retus.ch\/index.php?rest_route=\/wp\/v2\/pages\/145\/revisions"}],"predecessor-version":[{"id":1036,"href":"https:\/\/retus.ch\/index.php?rest_route=\/wp\/v2\/pages\/145\/revisions\/1036"}],"wp:attachment":[{"href":"https:\/\/retus.ch\/index.php?rest_route=%2Fwp%2Fv2%2Fmedia&parent=145"}],"curies":[{"name":"wp","href":"https:\/\/api.w.org\/{rel}","templated":true}]}}